{"id":2,"date":"2012-01-20T14:47:13","date_gmt":"2012-01-20T14:47:13","guid":{"rendered":"http:\/\/wineandnoise.com\/articles\/?page_id=2"},"modified":"2017-05-30T12:58:29","modified_gmt":"2017-05-30T12:58:29","slug":"about","status":"publish","type":"page","link":"https:\/\/wineandnoise.org\/articles\/about\/","title":{"rendered":"About"},"content":{"rendered":"<h2 style=\"text-align: center;\"><b style=\"font-size: 14px; line-height: 1.5em;\"><i>Bouteilles &amp; Disques mill\u00e9sim\u00e9s<\/i><\/b><\/h2>\n<p>&nbsp;<\/p>\n<p style=\"text-align: center;\"><i>Le vin ne s\u2019accorde pas avec la bouffe<\/i><\/p>\n<p style=\"text-align: center;\"><i>Je laisse cet exercice porcelaine \u00e0 Nadine de Rotschild<\/i><\/p>\n<p style=\"text-align: center;\"><strong><i>Le vin s\u2019accorde avec l\u2019oreille<\/i><\/strong><\/p>\n<p style=\"text-align: center;\"><em>Sans technique, je cherche entre le vin et le rock l\u2019accord qui frappe<\/em><\/p>\n<p style=\"text-align: center;\"><em>J&rsquo;\u00e9cris aussi parfois sur <a href=\"http:\/\/sourdoreille.net\/auteur\/wine-and-noise\/\" target=\"_blank\" rel=\"noopener noreferrer\">Sourdoreille<\/a>\u00a0ou <a href=\"http:\/\/www.the-drone.com\/magazine\/voir-jessica93-dans-un-lavoir-avec-un-verre-de-bourgogne-bio-c-est-possible-gr%C3%A2ce-au-festival-live-at-ch%C3%A2teau\/\">The Drone<\/a><\/em><\/p>\n<p style=\"text-align: center;\"><em>Et aussi organise des concerts et d\u00e9gustations\u00a0<\/em><\/p>\n<p style=\"text-align: center;\"><em><strong>Prochains concerts :\u00a0<\/strong><\/em><\/p>\n<p style=\"text-align: center;\"><img loading=\"lazy\" decoding=\"async\" class=\"aligncenter size-full wp-image-1034\" src=\"https:\/\/wineandnoise.org\/articles\/wp-content\/uploads\/2012\/01\/170524_liveatsaintpaul_OK.jpg\" alt=\"\" width=\"1837\" height=\"2756\" srcset=\"https:\/\/wineandnoise.org\/articles\/wp-content\/uploads\/2012\/01\/170524_liveatsaintpaul_OK.jpg 1837w, https:\/\/wineandnoise.org\/articles\/wp-content\/uploads\/2012\/01\/170524_liveatsaintpaul_OK-200x300.jpg 200w, https:\/\/wineandnoise.org\/articles\/wp-content\/uploads\/2012\/01\/170524_liveatsaintpaul_OK-768x1152.jpg 768w, https:\/\/wineandnoise.org\/articles\/wp-content\/uploads\/2012\/01\/170524_liveatsaintpaul_OK-683x1024.jpg 683w, https:\/\/wineandnoise.org\/articles\/wp-content\/uploads\/2012\/01\/170524_liveatsaintpaul_OK-350x525.jpg 350w, https:\/\/wineandnoise.org\/articles\/wp-content\/uploads\/2012\/01\/170524_liveatsaintpaul_OK-460x690.jpg 460w, https:\/\/wineandnoise.org\/articles\/wp-content\/uploads\/2012\/01\/170524_liveatsaintpaul_OK-770x1155.jpg 770w, https:\/\/wineandnoise.org\/articles\/wp-content\/uploads\/2012\/01\/170524_liveatsaintpaul_OK-570x855.jpg 570w, https:\/\/wineandnoise.org\/articles\/wp-content\/uploads\/2012\/01\/170524_liveatsaintpaul_OK-940x1410.jpg 940w\" sizes=\"(max-width: 1837px) 100vw, 1837px\" \/><\/p>\n<p style=\"text-align: center;\"><img loading=\"lazy\" decoding=\"async\" class=\"aligncenter size-full wp-image-1029\" src=\"https:\/\/wineandnoise.org\/articles\/wp-content\/uploads\/2012\/01\/moor-mother.png\" alt=\"\" width=\"1006\" height=\"661\" srcset=\"https:\/\/wineandnoise.org\/articles\/wp-content\/uploads\/2012\/01\/moor-mother.png 1006w, https:\/\/wineandnoise.org\/articles\/wp-content\/uploads\/2012\/01\/moor-mother-300x197.png 300w, https:\/\/wineandnoise.org\/articles\/wp-content\/uploads\/2012\/01\/moor-mother-768x505.png 768w, https:\/\/wineandnoise.org\/articles\/wp-content\/uploads\/2012\/01\/moor-mother-350x230.png 350w, https:\/\/wineandnoise.org\/articles\/wp-content\/uploads\/2012\/01\/moor-mother-460x302.png 460w, https:\/\/wineandnoise.org\/articles\/wp-content\/uploads\/2012\/01\/moor-mother-770x506.png 770w, https:\/\/wineandnoise.org\/articles\/wp-content\/uploads\/2012\/01\/moor-mother-570x375.png 570w, https:\/\/wineandnoise.org\/articles\/wp-content\/uploads\/2012\/01\/moor-mother-940x618.png 940w\" sizes=\"(max-width: 1006px) 100vw, 1006px\" \/><\/p>\n<p style=\"text-align: center;\"><img loading=\"lazy\" decoding=\"async\" class=\"aligncenter size-full wp-image-897\" src=\"https:\/\/wineandnoise.org\/articles\/wp-content\/uploads\/2012\/01\/liveatchateau_web.jpg\" alt=\"liveatchateau_web\" width=\"856\" height=\"1140\" srcset=\"https:\/\/wineandnoise.org\/articles\/wp-content\/uploads\/2012\/01\/liveatchateau_web.jpg 856w, https:\/\/wineandnoise.org\/articles\/wp-content\/uploads\/2012\/01\/liveatchateau_web-225x300.jpg 225w, https:\/\/wineandnoise.org\/articles\/wp-content\/uploads\/2012\/01\/liveatchateau_web-768x1023.jpg 768w, https:\/\/wineandnoise.org\/articles\/wp-content\/uploads\/2012\/01\/liveatchateau_web-769x1024.jpg 769w, https:\/\/wineandnoise.org\/articles\/wp-content\/uploads\/2012\/01\/liveatchateau_web-350x466.jpg 350w, https:\/\/wineandnoise.org\/articles\/wp-content\/uploads\/2012\/01\/liveatchateau_web-460x613.jpg 460w, https:\/\/wineandnoise.org\/articles\/wp-content\/uploads\/2012\/01\/liveatchateau_web-770x1025.jpg 770w, https:\/\/wineandnoise.org\/articles\/wp-content\/uploads\/2012\/01\/liveatchateau_web-570x759.jpg 570w\" sizes=\"(max-width: 856px) 100vw, 856px\" \/><\/p>\n<p style=\"text-align: center;\"><strong><em>W&amp;N Live\u00a0<\/em><\/strong><\/p>\n<p style=\"text-align: center;\"><em>W&amp;N #1 : Earl Sweatshirt \/ Spade &amp; Archer VS Domaine Ojai \/ Kistler, Sonoma Coast (US) @ \u00c9picerie Moderne<\/em><\/p>\n<p style=\"text-align: center;\"><em>W&amp;N #2 : La Secte du Futur \/ TITS VS\u00a0Les Deplaude de Tartaras \/ Andrea Calek @ Le P\u00e9riscope<\/em><\/p>\n<p style=\"text-align: center;\"><em>W&amp;N #3 : Hra\u00efr Hratchian \/ Sex, Drug &amp; Rebetiko VS Elisabeta Foradori (It.) et Domaine Hatzidakis (Gr.) @ Humanist SK Festival<\/em><\/p>\n<p style=\"text-align: center;\"><em>W&amp;N #4 : Mondkopf VS Domaine Pierre Cros @ Heart of Glass\u00a0Heart of Gold\u00a0Festival\u00a0<\/em><\/p>\n<p style=\"text-align: center;\"><em>W&amp;N #5 : Year of no Light \/ Mars Red Sky VS Le Soula \/ Jean Philippe Padi\u00e9 @ March\u00e9 Gare<\/em><\/p>\n<p style=\"text-align: center;\"><em>W&amp;N #6 : The Dead Mantra VS Vincent Bonnal @ Sonic<\/em><\/p>\n<p style=\"text-align: center;\"><em>Beer&amp;Noise : Red Fang VS Brasserie Dulion @ \u00c9picerie Moderne<\/em><\/p>\n<p style=\"text-align: center;\"><em>W&amp;N #7 : Live at Pampilles @ GAEC des pampilles<\/em><\/p>\n<p style=\"text-align: center;\"><em>W&amp;N #8 : Mudhoney VS Domaine Jean Claude Lapalu, Fran\u00e7ois Dumas @ \u00c9picerie Moderne<\/em><\/p>\n<p style=\"text-align: center;\"><em>W&amp;N #9 : Destruction Unit VS Clos du Gravillas @ Sonic\u00a0<\/em><\/p>\n<p style=\"text-align: center;\"><em>W&amp;N #10 : (the) Melvins VS Agarrus @ \u00c9picerie Moderne<\/em><\/p>\n<p style=\"text-align: center;\"><em>W&amp;N #11 : Carlos Cipa \/ Poppy Ackroyd VS Domaine Naudin-Ferrand @ Le P\u00e9riscope<\/em><\/p>\n<p style=\"text-align: center;\"><em>W&amp;N #12 : Baby B &amp; Kid Vitrola VS SalonRue89 des vins @ Sonic\u00a0<\/em><\/p>\n<p style=\"text-align: center;\"><em>W&amp;N # 13 : Theodora &amp; Mensch VS Tessa Laroche &amp; Les vignes Herbel @ Le P\u00e9riscope<\/em><\/p>\n<p style=\"text-align: center;\"><em>&#8230;<\/em><\/p>\n<p style=\"text-align: center;\">\u00e0 suivre<\/p>\n<p style=\"text-align: center;\">&#8230;<\/p>\n<p style=\"text-align: center;\"><em><strong>POLITIQUE COMMERCIALE<\/strong> <\/em><\/p>\n<p style=\"text-align: center;\">ah non piti\u00e9 pas d&rsquo;actualit\u00e9, si t&rsquo;es un super band te fatigues pas pour la promo, envoie plut\u00f4t tes <span class=\"text_exposed_show\">vieux disques<\/span><\/p>\n<p style=\"text-align: center;\"><em><span class=\"text_exposed_show\"><br \/>\n<strong>PARTENARIAT STRAT\u00c9GIQUE<\/strong><\/span><\/em><\/p>\n<p style=\"text-align: center;\"><span class=\"text_exposed_show\"><br \/>\non fait \u00e7a pour l&rsquo;argent, donc si t&rsquo;es un super domaine envoie nous des caisses gratos<\/span><\/p>\n<p style=\"text-align: center;\"><span class=\"text_exposed_show\"><br \/>\n<em><strong>RELATION CLIENT\u00c8LE<\/strong><\/em><\/span><\/p>\n<p style=\"text-align: center;\"><span class=\"text_exposed_show\"><br \/>\narr\u00eatez de d\u00e9penser votre argent inutilement <\/span><\/p>\n<p style=\"text-align: center;\"><span class=\"text_exposed_show\"><br \/>\n<em><strong>QUI NOUS SOMMES<\/strong><\/em><\/span><\/p>\n<p style=\"text-align: center;\"><span class=\"text_exposed_show\"><br \/>\nun super concept \u00e0 copier et des T-shirt \u00e0 porter <\/span><\/p>\n","protected":false},"excerpt":{"rendered":"<p>Bouteilles &amp; Disques mill\u00e9sim\u00e9s &nbsp; Le vin ne s\u2019accorde pas avec la bouffe Je laisse cet exercice porcelaine \u00e0 Nadine de Rotschild Le vin s\u2019accorde avec l\u2019oreille Sans technique, je cherche entre le vin et le rock l\u2019accord qui frappe J&rsquo;\u00e9cris aussi parfois sur Sourdoreille\u00a0ou The Drone Et aussi organise des concerts et d\u00e9gustations\u00a0 Prochains concerts :\u00a0 W&amp;N Live\u00a0 W&amp;N #1 : Earl Sweatshirt \/ Spade &amp; Archer VS Domaine Ojai \/ Kistler, Sonoma Coast (US) @ \u00c9picerie Moderne W&amp;N #2 : La Secte du Futur \/ TITS VS\u00a0Les Deplaude de Tartaras \/ Andrea Calek @ Le P\u00e9riscope W&amp;N #3&nbsp;&hellip;<\/p>\n","protected":false},"author":1,"featured_media":71,"parent":0,"menu_order":0,"comment_status":"open","ping_status":"open","template":"template-fullwidth.php","meta":{"footnotes":""},"_links":{"self":[{"href":"https:\/\/wineandnoise.org\/articles\/wp-json\/wp\/v2\/pages\/2"}],"collection":[{"href":"https:\/\/wineandnoise.org\/articles\/wp-json\/wp\/v2\/pages"}],"about":[{"href":"https:\/\/wineandnoise.org\/articles\/wp-json\/wp\/v2\/types\/page"}],"author":[{"embeddable":true,"href":"https:\/\/wineandnoise.org\/articles\/wp-json\/wp\/v2\/users\/1"}],"replies":[{"embeddable":true,"href":"https:\/\/wineandnoise.org\/articles\/wp-json\/wp\/v2\/comments?post=2"}],"version-history":[{"count":12,"href":"https:\/\/wineandnoise.org\/articles\/wp-json\/wp\/v2\/pages\/2\/revisions"}],"predecessor-version":[{"id":1035,"href":"https:\/\/wineandnoise.org\/articles\/wp-json\/wp\/v2\/pages\/2\/revisions\/1035"}],"wp:featuredmedia":[{"embeddable":true,"href":"https:\/\/wineandnoise.org\/articles\/wp-json\/wp\/v2\/media\/71"}],"wp:attachment":[{"href":"https:\/\/wineandnoise.org\/articles\/wp-json\/wp\/v2\/media?parent=2"}],"curies":[{"name":"wp","href":"https:\/\/api.w.org\/{rel}","templated":true}]}}