{"id":942,"date":"2016-09-07T10:19:05","date_gmt":"2016-09-07T10:19:05","guid":{"rendered":"https:\/\/wineandnoise.com\/articles\/?page_id=942"},"modified":"2016-09-08T12:38:41","modified_gmt":"2016-09-08T12:38:41","slug":"newsletter","status":"publish","type":"page","link":"https:\/\/wineandnoise.org\/articles\/newsletter\/","title":{"rendered":"Newsletter"},"content":{"rendered":"<p><strong>[newsletter]<\/strong><\/p>\n<p style=\"text-align: justify;\">La Newsletter Wine&amp;Noise c&rsquo;est pour recevoir selon une fr\u00e9quence plut\u00f4t slow des infos comme :<\/p>\n<p style=\"text-align: justify;\">1\/ des plans achats group\u00e9s vignerons (beta test livraisons sur Lyon pour le moment)<\/p>\n<p style=\"text-align: justify;\">2\/ des infos sur les prochains plans degust &#8211; concerts<\/p>\n<p style=\"text-align: justify;\">3\/ nos conseils infaillibles en mati\u00e8re de flexitarisme, de choix musicaux absolument pas d&rsquo;actualit\u00e9, d&rsquo;avis pointus sur la permaculture et des coups de c\u0153urs sur des destinations os\u00e9es<\/p>\n<p style=\"text-align: justify;\">Rejoins le gang.<\/p>\n<p><img decoding=\"async\" src=\"https:\/\/i.imgur.com\/7azWADo.gif\" \/><\/p>\n","protected":false},"excerpt":{"rendered":"<p>[newsletter] La Newsletter Wine&amp;Noise c&rsquo;est pour recevoir selon une fr\u00e9quence plut\u00f4t slow des infos comme : 1\/ des plans achats group\u00e9s vignerons (beta test livraisons sur Lyon pour le moment) 2\/ des infos sur les prochains plans degust &#8211; concerts 3\/ nos conseils infaillibles en mati\u00e8re de flexitarisme, de choix musicaux absolument pas d&rsquo;actualit\u00e9, d&rsquo;avis pointus sur la permaculture et des coups de c\u0153urs sur des destinations os\u00e9es Rejoins le gang.<\/p>\n","protected":false},"author":1,"featured_media":71,"parent":0,"menu_order":0,"comment_status":"closed","ping_status":"closed","template":"","meta":{"footnotes":""},"_links":{"self":[{"href":"https:\/\/wineandnoise.org\/articles\/wp-json\/wp\/v2\/pages\/942"}],"collection":[{"href":"https:\/\/wineandnoise.org\/articles\/wp-json\/wp\/v2\/pages"}],"about":[{"href":"https:\/\/wineandnoise.org\/articles\/wp-json\/wp\/v2\/types\/page"}],"author":[{"embeddable":true,"href":"https:\/\/wineandnoise.org\/articles\/wp-json\/wp\/v2\/users\/1"}],"replies":[{"embeddable":true,"href":"https:\/\/wineandnoise.org\/articles\/wp-json\/wp\/v2\/comments?post=942"}],"version-history":[{"count":6,"href":"https:\/\/wineandnoise.org\/articles\/wp-json\/wp\/v2\/pages\/942\/revisions"}],"predecessor-version":[{"id":950,"href":"https:\/\/wineandnoise.org\/articles\/wp-json\/wp\/v2\/pages\/942\/revisions\/950"}],"wp:featuredmedia":[{"embeddable":true,"href":"https:\/\/wineandnoise.org\/articles\/wp-json\/wp\/v2\/media\/71"}],"wp:attachment":[{"href":"https:\/\/wineandnoise.org\/articles\/wp-json\/wp\/v2\/media?parent=942"}],"curies":[{"name":"wp","href":"https:\/\/api.w.org\/{rel}","templated":true}]}}